{"id":271,"date":"2026-03-23T14:25:18","date_gmt":"2026-03-23T18:25:18","guid":{"rendered":"https:\/\/feeling.cl\/?post_type=product&#038;p=271"},"modified":"2026-03-23T14:25:18","modified_gmt":"2026-03-23T18:25:18","slug":"medallero","status":"publish","type":"product","link":"https:\/\/feeling.cl\/?product=medallero","title":{"rendered":"Medallero"},"content":{"rendered":"","protected":false},"excerpt":{"rendered":"<p>Fabricado en MDF de 5mm con aplicaciones en 3mm , incluye pintado y decorado seg\u00fan colores del equipo deportivo\u00a0 o deporte seleccionado, con capacidad m\u00ednima de 18 medallas, con marco de foto de 10&#215;15 cm, decoraciones y nombre pintado en colores a juego. dimensiones 59x34cm.<\/p>\n<p>tiempo de Fabricaci\u00f3n 4 d\u00edas h\u00e1biles.<\/p>\n","protected":false},"featured_media":272,"template":"","meta":{"advanced_seo_description":"","jetpack_seo_html_title":"","jetpack_seo_noindex":false,"_kadence_starter_templates_imported_post":false,"_kad_post_transparent":"default","_kad_post_title":"","_kad_post_layout":"default","_kad_post_sidebar_id":"","_kad_post_content_style":"default","_kad_post_vertical_padding":"default","_kad_post_feature":"","_kad_post_feature_position":"","_kad_post_header":false,"_kad_post_footer":false,"_kad_post_classname":""},"product_brand":[],"product_cat":[35,21],"product_tag":[],"class_list":{"0":"post-271","1":"product","2":"type-product","3":"status-publish","4":"has-post-thumbnail","6":"product_cat-medallas-y-trofeos","7":"product_cat-regalos","9":"first","10":"instock","11":"taxable","12":"shipping-taxable","13":"purchasable","14":"product-type-simple","15":"entry","16":"content-bg","17":"loop-entry"},"jetpack_sharing_enabled":true,"_links":{"self":[{"href":"https:\/\/feeling.cl\/index.php?rest_route=\/wp\/v2\/product\/271","targetHints":{"allow":["GET"]}}],"collection":[{"href":"https:\/\/feeling.cl\/index.php?rest_route=\/wp\/v2\/product"}],"about":[{"href":"https:\/\/feeling.cl\/index.php?rest_route=\/wp\/v2\/types\/product"}],"wp:featuredmedia":[{"embeddable":true,"href":"https:\/\/feeling.cl\/index.php?rest_route=\/wp\/v2\/media\/272"}],"wp:attachment":[{"href":"https:\/\/feeling.cl\/index.php?rest_route=%2Fwp%2Fv2%2Fmedia&parent=271"}],"wp:term":[{"taxonomy":"product_brand","embeddable":true,"href":"https:\/\/feeling.cl\/index.php?rest_route=%2Fwp%2Fv2%2Fproduct_brand&post=271"},{"taxonomy":"product_cat","embeddable":true,"href":"https:\/\/feeling.cl\/index.php?rest_route=%2Fwp%2Fv2%2Fproduct_cat&post=271"},{"taxonomy":"product_tag","embeddable":true,"href":"https:\/\/feeling.cl\/index.php?rest_route=%2Fwp%2Fv2%2Fproduct_tag&post=271"}],"curies":[{"name":"wp","href":"https:\/\/api.w.org\/{rel}","templated":true}]}}